{"id":709,"date":"2025-05-20T13:08:27","date_gmt":"2025-05-20T11:08:27","guid":{"rendered":"https:\/\/www.qualetudes.com\/?page_id=709"},"modified":"2026-01-17T20:53:49","modified_gmt":"2026-01-17T19:53:49","slug":"presentation-de-la-formation-suivi-et-evaluation-dun-projet-de-developpement","status":"publish","type":"page","link":"https:\/\/www.qualetudes.com\/index.php\/presentation-de-la-formation-suivi-et-evaluation-dun-projet-de-developpement\/","title":{"rendered":"Pr\u00e9sentation de la formation: Suivi et \u00c9valuation d\u2019un projet de d\u00e9veloppement"},"content":{"rendered":"\n<hr class=\"wp-block-separator has-alpha-channel-opacity\"\/>\n\n\n\n<p>Dans le domaine du d\u00e9veloppement, disposer d\u2019un bon projet ne suffit pas : encore faut-il savoir le piloter, l\u2019ajuster et en mesurer les effets.<\/p>\n\n\n\n<p>La formation <strong>Suivi et \u00c9valuation d\u2019un projet de d\u00e9veloppement<\/strong>, propos\u00e9e par <em>Qualetudes Consultants<\/em>, a \u00e9t\u00e9 pens\u00e9e pour permettre aux professionnels de ma\u00eetriser toutes les \u00e9tapes du cycle de projet \u2014 de sa conception \u00e0 sa cl\u00f4ture \u2014 \u00e0 travers une d\u00e9marche rigoureuse et pragmatique.<\/p>\n\n\n\n<p>Elle s\u2019adresse \u00e0 celles et ceux qui souhaitent renforcer leur ma\u00eetrise des outils et m\u00e9thodes de gestion, am\u00e9liorer la qualit\u00e9 de leurs interventions et garantir un suivi-\u00e9valuation pertinent, au service de r\u00e9sultats concrets et durables.<\/p>\n\n\n\n<h2 class=\"wp-block-heading has-white-color has-vivid-red-background-color has-text-color has-background has-link-color wp-elements-6a89e24eb2c6d1ca260edd0760905651\"><strong>Objectifs<\/strong><\/h2>\n\n\n\n<p>\u00c0 l\u2019issue de cette formation, les participants seront en mesure de\u202f:<\/p>\n\n\n\n<ul class=\"wp-block-list\">\n<li>Structurer et planifier un projet de d\u00e9veloppement de bout en bout.<br><\/li>\n\n\n\n<li>Mettre en \u0153uvre un dispositif de suivi adapt\u00e9 et efficace.<br><\/li>\n\n\n\n<li>Analyser les performances, identifier les points de vigilance et en tirer des enseignements.<br><\/li>\n\n\n\n<li>Assurer une gestion rigoureuse des ressources financi\u00e8res.<br><\/li>\n\n\n\n<li>Cl\u00f4turer un projet en capitalisant sur l\u2019exp\u00e9rience acquise.<br><\/li>\n<\/ul>\n\n\n\n<h2 class=\"wp-block-heading has-white-color has-vivid-red-background-color has-text-color has-background has-link-color wp-elements-3c372b3353cf15dfbfe8ef5223b1eae5\"><strong>Un programme complet et progressif<\/strong><\/h2>\n\n\n\n<p>Le parcours se d\u00e9ploie en <strong>sept modules compl\u00e9mentaires<\/strong>, combinant apports m\u00e9thodologiques, partages d\u2019exp\u00e9riences et cas pratiques.<\/p>\n\n\n\n<p><strong>Module 1 : Introduction au suivi-\u00e9valuation<\/strong><strong><br><\/strong> Comprendre le cycle de vie d\u2019un projet et le r\u00f4le strat\u00e9gique du suivi-\u00e9valuation dans la r\u00e9ussite des interventions.<\/p>\n\n\n\n<p><strong>Module 2 : Organisation du projet<\/strong><strong><br><\/strong> Clarifier les r\u00f4les et responsabilit\u00e9s, structurer les \u00e9quipes et d\u00e9finir les ressources n\u00e9cessaires pour une mise en \u0153uvre coh\u00e9rente.<\/p>\n\n\n\n<p><strong>Module 3 : Programmation<\/strong><strong><br><\/strong> \u00c9laborer un calendrier r\u00e9aliste, d\u00e9finir les jalons et ma\u00eetriser les outils de planification (Gantt, PERT, etc.).<\/p>\n\n\n\n<p><strong>Module 4 : Pilotage et suivi<\/strong><strong><br><\/strong> D\u00e9terminer des indicateurs pertinents, assurer un suivi r\u00e9gulier de l\u2019avancement et ajuster les actions selon les constats de terrain.<\/p>\n\n\n\n<p><strong>Module 5 : Gestion du financement<\/strong><strong><br><\/strong> \u00c9laborer un budget, suivre les d\u00e9penses, rendre compte aux bailleurs et optimiser l\u2019allocation des ressources disponibles.<\/p>\n\n\n\n<p><strong>Module 6 : Anticipation et gestion des risques<\/strong><strong><br><\/strong> Identifier les risques potentiels, \u00e9valuer leur impact et mettre en \u0153uvre des mesures pr\u00e9ventives pour garantir la continuit\u00e9 du projet.<\/p>\n\n\n\n<p><strong>Module 7 : Cl\u00f4ture et \u00e9valuation finale<\/strong><strong><br><\/strong> Mesurer les r\u00e9sultats atteints, \u00e9valuer l\u2019impact r\u00e9el et valoriser les apprentissages \u00e0 travers une restitution claire et constructive.<\/p>\n\n\n\n<h2 class=\"wp-block-heading has-white-color has-vivid-red-background-color has-text-color has-background has-link-color wp-elements-194d0a527de182fa9f6976bec4d32bba\"><strong>Public concern\u00e9<\/strong><\/h2>\n\n\n\n<p>Cette formation s\u2019adresse \u00e0\u202f:<\/p>\n\n\n\n<ul class=\"wp-block-list\">\n<li>Chefs de projet, coordinateurs de programmes et responsables de suivi-\u00e9valuation.<br><\/li>\n\n\n\n<li>Cadres et professionnels d\u2019ONG, d\u2019associations ou d\u2019institutions publiques impliqu\u00e9s dans le pilotage de projets de d\u00e9veloppement.<br><\/li>\n\n\n\n<li>Toute personne souhaitant consolider ses comp\u00e9tences en gestion de projet et en suivi-\u00e9valuation.<br><\/li>\n<\/ul>\n\n\n\n<h2 class=\"wp-block-heading has-white-color has-vivid-red-background-color has-text-color has-background has-link-color wp-elements-24bee327d5b5a73a8d630ed7c5f295f1\"><strong>Une p\u00e9dagogie vivante et op\u00e9rationnelle<\/strong><\/h2>\n\n\n\n<p>Nos formations reposent sur une approche participative : exemples concrets, \u00e9tudes de cas, ateliers collaboratifs et exercices d\u2019application. Les participants travaillent sur des situations proches de leurs r\u00e9alit\u00e9s professionnelles et apprennent \u00e0 utiliser des outils de suivi et de gestion r\u00e9ellement op\u00e9rationnels.<\/p>\n\n\n\n<p>Les sessions sont anim\u00e9es par des <strong>formateurs exp\u00e9riment\u00e9s<\/strong>, issus du monde du d\u00e9veloppement et du conseil, qui partagent leurs pratiques et leur exp\u00e9rience de terrain.<\/p>\n\n\n\n<p><strong>Modalit\u00e9 :<\/strong> Formation en ligne, accessible \u00e0 distance, avec accompagnement personnalis\u00e9 et \u00e9changes continus entre les participants et les formateurs.<\/p>\n\n\n\n<hr class=\"wp-block-separator has-alpha-channel-opacity\"\/>\n\n\n\n<p><strong>Qualetudes Consultants<\/strong> \u2013 une formation compl\u00e8te et pragmatique pour transformer vos projets de d\u00e9veloppement en r\u00e9ussites mesurables.<\/p>\n\n\n\n<hr class=\"wp-block-separator has-alpha-channel-opacity\"\/>\n\n\n<style id=\"wpforms-css-vars-51-block-640f2c59-f7d9-4687-a09c-17d2b713f6b2\">\n\t\t\t\t#wpforms-51.wpforms-block-640f2c59-f7d9-4687-a09c-17d2b713f6b2 {\n\t\t\t\t--wpforms-field-size-input-height: 43px;\n--wpforms-field-size-input-spacing: 15px;\n--wpforms-field-size-font-size: 16px;\n--wpforms-field-size-line-height: 19px;\n--wpforms-field-size-padding-h: 14px;\n--wpforms-field-size-checkbox-size: 16px;\n--wpforms-field-size-sublabel-spacing: 5px;\n--wpforms-field-size-icon-size: 1;\n--wpforms-label-size-font-size: 16px;\n--wpforms-label-size-line-height: 19px;\n--wpforms-label-size-sublabel-font-size: 14px;\n--wpforms-label-size-sublabel-line-height: 17px;\n--wpforms-button-size-font-size: 17px;\n--wpforms-button-size-height: 41px;\n--wpforms-button-size-padding-h: 15px;\n--wpforms-button-size-margin-top: 10px;\n\t\t\t}\n\t\t\t<\/style><div class=\"wpforms-container wpforms-container-full wpforms-block wpforms-block-640f2c59-f7d9-4687-a09c-17d2b713f6b2 wpforms-render-modern\" id=\"wpforms-51\"><form id=\"wpforms-form-51\" class=\"wpforms-validate wpforms-form wpforms-ajax-form\" data-formid=\"51\" method=\"post\" enctype=\"multipart\/form-data\" action=\"\/index.php\/wp-json\/wp\/v2\/pages\/709\" data-token=\"20fc4daa7a1fd4f4848b16f680ab215a\" data-token-time=\"1778069467\"><div class=\"wpforms-head-container\"><div class=\"wpforms-title\">Contactez-nous <\/div><\/div><noscript class=\"wpforms-error-noscript\">Veuillez activer JavaScript dans votre navigateur pour remplir ce formulaire.<\/noscript><div id=\"wpforms-error-noscript\" style=\"display: none;\">Veuillez activer JavaScript dans votre navigateur pour remplir ce formulaire.<\/div><div class=\"wpforms-field-container\"><div id=\"wpforms-51-field_0-container\" class=\"wpforms-field wpforms-field-name\" data-field-id=\"0\"><fieldset><legend class=\"wpforms-field-label\">Nom <span class=\"wpforms-required-label\" aria-hidden=\"true\">*<\/span><\/legend><div class=\"wpforms-field-row wpforms-field-medium\"><div class=\"wpforms-field-row-block wpforms-first wpforms-one-half\"><input type=\"text\" id=\"wpforms-51-field_0\" class=\"wpforms-field-name-first wpforms-field-required\" name=\"wpforms[fields][0][first]\" aria-errormessage=\"wpforms-51-field_0-error\" required><label for=\"wpforms-51-field_0\" class=\"wpforms-field-sublabel after\">Pr\u00e9nom<\/label><\/div><div class=\"wpforms-field-row-block wpforms-one-half\"><input type=\"text\" id=\"wpforms-51-field_0-last\" class=\"wpforms-field-name-last wpforms-field-required\" name=\"wpforms[fields][0][last]\" aria-errormessage=\"wpforms-51-field_0-last-error\" required><label for=\"wpforms-51-field_0-last\" class=\"wpforms-field-sublabel after\">Nom<\/label><\/div><\/div><\/fieldset><\/div><div id=\"wpforms-51-field_1-container\" class=\"wpforms-field wpforms-field-email\" data-field-id=\"1\"><label class=\"wpforms-field-label\" for=\"wpforms-51-field_1\">E-mail <span class=\"wpforms-required-label\" aria-hidden=\"true\">*<\/span><\/label><input type=\"email\" id=\"wpforms-51-field_1\" class=\"wpforms-field-medium wpforms-field-required\" name=\"wpforms[fields][1]\" spellcheck=\"false\" aria-errormessage=\"wpforms-51-field_1-error\" required><\/div><div id=\"wpforms-51-field_2-container\" class=\"wpforms-field wpforms-field-textarea\" data-field-id=\"2\"><label class=\"wpforms-field-label\" for=\"wpforms-51-field_2\">Commentaire ou message<\/label><textarea id=\"wpforms-51-field_2\" class=\"wpforms-field-medium\" name=\"wpforms[fields][2]\" aria-errormessage=\"wpforms-51-field_2-error\" ><\/textarea><\/div><\/div><!-- .wpforms-field-container --><div class=\"wpforms-submit-container\" ><input type=\"hidden\" name=\"wpforms[id]\" value=\"51\"><input type=\"hidden\" name=\"page_title\" value=\"\"><input type=\"hidden\" name=\"page_url\" value=\"https:\/\/www.qualetudes.com\/index.php\/wp-json\/wp\/v2\/pages\/709\"><input type=\"hidden\" name=\"url_referer\" value=\"\"><button type=\"submit\" name=\"wpforms[submit]\" id=\"wpforms-submit-51\" class=\"wpforms-submit\" data-alt-text=\"Envoi...\" data-submit-text=\"Envoyer\" aria-live=\"assertive\" value=\"wpforms-submit\">Envoyer<\/button><img loading=\"lazy\" decoding=\"async\" src=\"https:\/\/www.qualetudes.com\/wp-content\/plugins\/wpforms-lite\/assets\/images\/submit-spin.svg\" class=\"wpforms-submit-spinner\" style=\"display: none;\" width=\"26\" height=\"26\" alt=\"Chargement en cours\"><\/div><\/form><\/div>  <!-- .wpforms-container -->","protected":false},"excerpt":{"rendered":"<p>Dans le domaine du d\u00e9veloppement, disposer d\u2019un bon projet ne suffit pas : encore faut-il savoir le piloter, l\u2019ajuster et en mesurer les effets. La formation Suivi et \u00c9valuation d\u2019un projet de d\u00e9veloppement, propos\u00e9e par Qualetudes Consultants, a \u00e9t\u00e9 pens\u00e9e pour permettre aux professionnels de ma\u00eetriser toutes les \u00e9tapes du [&hellip;]<\/p>\n","protected":false},"author":1,"featured_media":0,"parent":0,"menu_order":0,"comment_status":"closed","ping_status":"closed","template":"","meta":{"footnotes":""},"class_list":["post-709","page","type-page","status-publish","hentry"],"aioseo_notices":[],"jetpack_sharing_enabled":true,"jetpack-related-posts":[],"_links":{"self":[{"href":"https:\/\/www.qualetudes.com\/index.php\/wp-json\/wp\/v2\/pages\/709","targetHints":{"allow":["GET"]}}],"collection":[{"href":"https:\/\/www.qualetudes.com\/index.php\/wp-json\/wp\/v2\/pages"}],"about":[{"href":"https:\/\/www.qualetudes.com\/index.php\/wp-json\/wp\/v2\/types\/page"}],"author":[{"embeddable":true,"href":"https:\/\/www.qualetudes.com\/index.php\/wp-json\/wp\/v2\/users\/1"}],"replies":[{"embeddable":true,"href":"https:\/\/www.qualetudes.com\/index.php\/wp-json\/wp\/v2\/comments?post=709"}],"version-history":[{"count":7,"href":"https:\/\/www.qualetudes.com\/index.php\/wp-json\/wp\/v2\/pages\/709\/revisions"}],"predecessor-version":[{"id":1012,"href":"https:\/\/www.qualetudes.com\/index.php\/wp-json\/wp\/v2\/pages\/709\/revisions\/1012"}],"wp:attachment":[{"href":"https:\/\/www.qualetudes.com\/index.php\/wp-json\/wp\/v2\/media?parent=709"}],"curies":[{"name":"wp","href":"https:\/\/api.w.org\/{rel}","templated":true}]}}