{"id":13,"date":"2023-06-08T06:34:19","date_gmt":"2023-06-08T04:34:19","guid":{"rendered":"https:\/\/qualetudes.com\/?page_id=13"},"modified":"2026-01-17T19:45:48","modified_gmt":"2026-01-17T18:45:48","slug":"pour-qui","status":"publish","type":"page","link":"https:\/\/www.qualetudes.com\/index.php\/pour-qui\/","title":{"rendered":"Pour qui ?"},"content":{"rendered":"\n<hr class=\"wp-block-separator has-alpha-channel-opacity\"\/>\n\n\n\n<p>Chez <strong>Qualetudes Consultants<\/strong>, nous accompagnons celles et ceux qui font vivre les politiques publiques, les projets de territoire, les dynamiques associatives et les strat\u00e9gies d\u2019entreprise. Nous intervenons l\u00e0 o\u00f9 les organisations cherchent \u00e0 mieux comprendre leur environnement, \u00e0 adapter leurs pratiques ou \u00e0 renforcer leurs comp\u00e9tences pour agir avec justesse.<\/p>\n\n\n\n<p>Notre \u00e9quipe s\u2019appuie sur l\u2019analyse sociologique, les \u00e9tudes strat\u00e9giques et la formation professionnelle pour r\u00e9pondre \u00e0 vos enjeux, qu\u2019ils concernent le d\u00e9veloppement local, la transformation interne ou la communication de vos valeurs.<\/p>\n\n\n\n<p class=\"has-white-color has-vivid-red-background-color has-text-color has-background has-link-color wp-elements-686ab87207a3524245c9084297e7c0bf\"><strong>Pour les administrations et collectivit\u00e9s<\/strong><\/p>\n\n\n\n<p><strong><br><\/strong>Nous soutenons vos politiques publiques \u00e0 travers des diagnostics territoriaux pr\u00e9cis, des \u00e9valuations rigoureuses et des formations pens\u00e9es pour renforcer les capacit\u00e9s de vos \u00e9quipes. Nos interventions favorisent une gouvernance locale efficace, fond\u00e9e sur la connaissance du terrain et une vision partag\u00e9e du d\u00e9veloppement.<\/p>\n\n\n\n<p class=\"has-white-color has-vivid-red-background-color has-text-color has-background has-link-color wp-elements-728dbfcd2cd17caac2e226f496a72b0b\"><strong>Pour les ONG et associations<\/strong><\/p>\n\n\n\n<p><strong><br><\/strong>Nous aidons vos structures \u00e0 gagner en impact et en coh\u00e9rence. \u00c9tudes organisationnelles, accompagnement \u00e0 la gestion de projet, strat\u00e9gies de mobilisation ou formation \u00e0 la d\u00e9centralisation\u202f: chaque mission vise \u00e0 consolider votre action et \u00e0 valoriser vos engagements aupr\u00e8s de vos parties prenantes.<\/p>\n\n\n\n<p class=\"has-white-color has-vivid-red-background-color has-text-color has-background has-link-color wp-elements-3e6fc98a8ac5cb49704557a17f4f328b\"><strong>Pour les entreprises priv\u00e9es<\/strong><\/p>\n\n\n\n<p><strong><br><\/strong>Nous vous accompagnons dans la compr\u00e9hension de vos publics et de vos march\u00e9s. \u00c0 travers des enqu\u00eates sociales, des audits de communication et des dispositifs de formation sur le leadership ou la communication digitale, nous vous aidons \u00e0 affirmer votre identit\u00e9 et \u00e0 ancrer durablement votre positionnement.<\/p>\n\n\n\n<p class=\"has-white-color has-vivid-red-background-color has-text-color has-background has-link-color wp-elements-a54cb188531c25df0be868f9aeca4f5c\"><strong>Des solutions ajust\u00e9es \u00e0 chaque r\u00e9alit\u00e9<\/strong><\/p>\n\n\n\n<p><strong><br><\/strong>Chaque secteur a ses d\u00e9fis, mais tous partagent la m\u00eame exigence\u202f: prendre des d\u00e9cisions \u00e9clair\u00e9es et agir avec pertinence. C\u2019est l\u00e0 que nous intervenons, avec des approches pens\u00e9es pour \u00eatre utiles, concr\u00e8tes et durables.<\/p>\n\n\n\n<p>Faites comme les organisations qui nous font d\u00e9j\u00e0 confiance et avan\u00e7ons ensemble vers des solutions qui transforment les d\u00e9fis en leviers de progr\u00e8s.<\/p>\n\n\n\n<hr class=\"wp-block-separator has-alpha-channel-opacity\"\/>\n\n\n\n<p><\/p>\n","protected":false},"excerpt":{"rendered":"<p>Chez Qualetudes Consultants, nous accompagnons celles et ceux qui font vivre les politiques publiques, les projets de territoire, les dynamiques associatives et les strat\u00e9gies d\u2019entreprise. Nous intervenons l\u00e0 o\u00f9 les organisations cherchent \u00e0 mieux comprendre leur environnement, \u00e0 adapter leurs pratiques ou \u00e0 renforcer leurs comp\u00e9tences pour agir avec justesse. [&hellip;]<\/p>\n","protected":false},"author":1,"featured_media":0,"parent":0,"menu_order":0,"comment_status":"closed","ping_status":"closed","template":"","meta":{"footnotes":""},"class_list":["post-13","page","type-page","status-publish","hentry"],"aioseo_notices":[],"jetpack_sharing_enabled":true,"jetpack-related-posts":[],"_links":{"self":[{"href":"https:\/\/www.qualetudes.com\/index.php\/wp-json\/wp\/v2\/pages\/13","targetHints":{"allow":["GET"]}}],"collection":[{"href":"https:\/\/www.qualetudes.com\/index.php\/wp-json\/wp\/v2\/pages"}],"about":[{"href":"https:\/\/www.qualetudes.com\/index.php\/wp-json\/wp\/v2\/types\/page"}],"author":[{"embeddable":true,"href":"https:\/\/www.qualetudes.com\/index.php\/wp-json\/wp\/v2\/users\/1"}],"replies":[{"embeddable":true,"href":"https:\/\/www.qualetudes.com\/index.php\/wp-json\/wp\/v2\/comments?post=13"}],"version-history":[{"count":6,"href":"https:\/\/www.qualetudes.com\/index.php\/wp-json\/wp\/v2\/pages\/13\/revisions"}],"predecessor-version":[{"id":1004,"href":"https:\/\/www.qualetudes.com\/index.php\/wp-json\/wp\/v2\/pages\/13\/revisions\/1004"}],"wp:attachment":[{"href":"https:\/\/www.qualetudes.com\/index.php\/wp-json\/wp\/v2\/media?parent=13"}],"curies":[{"name":"wp","href":"https:\/\/api.w.org\/{rel}","templated":true}]}}