{"id":11,"date":"2023-06-08T06:33:49","date_gmt":"2023-06-08T04:33:49","guid":{"rendered":"https:\/\/qualetudes.com\/?page_id=11"},"modified":"2026-01-17T21:53:00","modified_gmt":"2026-01-17T20:53:00","slug":"services","status":"publish","type":"page","link":"https:\/\/www.qualetudes.com\/index.php\/services\/","title":{"rendered":"Services"},"content":{"rendered":"\n<hr class=\"wp-block-separator has-alpha-channel-opacity\"\/>\n\n\n\n<div class=\"wp-block-columns is-layout-flex wp-container-core-columns-is-layout-9d6595d7 wp-block-columns-is-layout-flex\">\n<div class=\"wp-block-column is-vertically-aligned-stretch is-layout-flow wp-block-column-is-layout-flow\">\n<h2 class=\"wp-block-heading has-text-align-center has-white-color has-vivid-red-background-color has-text-color has-background has-link-color wp-elements-c7e18f69acac8503c7a037bd0dfceed1\">\u00c9tudes et Recherches<\/h2>\n\n\n\n<p class=\"has-text-align-left\">Au croisement des dynamiques sociales et territoriales,&nbsp;<strong>Qualetudes Consultants<\/strong>&nbsp;met son expertise au service des acteurs publics, priv\u00e9s et associatifs \u00e0 travers trois champs d\u2019intervention :&nbsp;<strong>diagnostics territoriaux<\/strong>,&nbsp;<strong>enqu\u00eates sociologiques et sondages d\u2019opinion<\/strong>, et&nbsp;<strong>\u00e9valuations de projets<\/strong>.<\/p>\n\n\n\n<p class=\"has-text-align-left\">Notre approche, fond\u00e9e sur la rigueur scientifique et l\u2019\u00e9coute du terrain, transforme les donn\u00e9es en leviers d\u2019action pour des d\u00e9cisions \u00e9clair\u00e9es et des politiques plus efficaces. <strong><em><a href=\"https:\/\/www.qualetudes.com\/index.php\/etudes-et-recherches\/\" title=\"\">En savoir plus<\/a><\/em><\/strong><\/p>\n<\/div>\n\n\n\n<div class=\"wp-block-column is-vertically-aligned-stretch is-layout-flow wp-block-column-is-layout-flow\">\n<h2 class=\"wp-block-heading has-text-align-center has-white-color has-vivid-red-background-color has-text-color has-background has-link-color wp-elements-aafbbeee37aef08550214c2184935dbd\">Formations<\/h2>\n\n\n\n<p>Sp\u00e9cialis\u00e9 dans le d\u00e9veloppement des comp\u00e9tences,&nbsp;<strong>Qualetudes Consultants<\/strong>&nbsp;propose trois parcours de formation :&nbsp;<strong>Suivi et \u00e9valuation de projets de d\u00e9veloppement<\/strong>,&nbsp;<strong>Conduite d\u2019\u00e9tudes sociologiques<\/strong>&nbsp;et&nbsp;<strong>Renforcement des capacit\u00e9s institutionnelles<\/strong>.<\/p>\n\n\n\n<p>Anim\u00e9s par des experts, nos programmes allient th\u00e9orie, pratique et outils op\u00e9rationnels pour aider les professionnels et organisations \u00e0 renforcer leurs savoir-faire et \u00e0 conduire leurs projets avec efficacit\u00e9. <strong><em><a href=\"https:\/\/www.qualetudes.com\/index.php\/formations\/\" title=\"\">En savoir plus<\/a><\/em><\/strong><\/p>\n<\/div>\n<\/div>\n\n\n\n<hr class=\"wp-block-separator has-alpha-channel-opacity\"\/>\n","protected":false},"excerpt":{"rendered":"<p>\u00c9tudes et Recherches Au croisement des dynamiques sociales et territoriales,&nbsp;Qualetudes Consultants&nbsp;met son expertise au service des acteurs publics, priv\u00e9s et associatifs \u00e0 travers trois champs d\u2019intervention :&nbsp;diagnostics territoriaux,&nbsp;enqu\u00eates sociologiques et sondages d\u2019opinion, et&nbsp;\u00e9valuations de projets. Notre approche, fond\u00e9e sur la rigueur scientifique et l\u2019\u00e9coute du terrain, transforme les donn\u00e9es en [&hellip;]<\/p>\n","protected":false},"author":1,"featured_media":0,"parent":0,"menu_order":0,"comment_status":"closed","ping_status":"closed","template":"","meta":{"footnotes":""},"class_list":["post-11","page","type-page","status-publish","hentry"],"aioseo_notices":[],"jetpack_sharing_enabled":true,"jetpack-related-posts":[],"_links":{"self":[{"href":"https:\/\/www.qualetudes.com\/index.php\/wp-json\/wp\/v2\/pages\/11","targetHints":{"allow":["GET"]}}],"collection":[{"href":"https:\/\/www.qualetudes.com\/index.php\/wp-json\/wp\/v2\/pages"}],"about":[{"href":"https:\/\/www.qualetudes.com\/index.php\/wp-json\/wp\/v2\/types\/page"}],"author":[{"embeddable":true,"href":"https:\/\/www.qualetudes.com\/index.php\/wp-json\/wp\/v2\/users\/1"}],"replies":[{"embeddable":true,"href":"https:\/\/www.qualetudes.com\/index.php\/wp-json\/wp\/v2\/comments?post=11"}],"version-history":[{"count":10,"href":"https:\/\/www.qualetudes.com\/index.php\/wp-json\/wp\/v2\/pages\/11\/revisions"}],"predecessor-version":[{"id":1027,"href":"https:\/\/www.qualetudes.com\/index.php\/wp-json\/wp\/v2\/pages\/11\/revisions\/1027"}],"wp:attachment":[{"href":"https:\/\/www.qualetudes.com\/index.php\/wp-json\/wp\/v2\/media?parent=11"}],"curies":[{"name":"wp","href":"https:\/\/api.w.org\/{rel}","templated":true}]}}